{"id":2,"date":"2015-06-06T03:37:15","date_gmt":"2015-06-06T03:37:15","guid":{"rendered":"https:\/\/lenieemerick.com.br\/site\/?page_id=2"},"modified":"2019-07-29T14:23:25","modified_gmt":"2019-07-29T14:23:25","slug":"pagina-exemplo","status":"publish","type":"page","link":"https:\/\/lenieemerick.com.br\/","title":{"rendered":"Home"},"content":{"rendered":"<p><a href=\"https:\/\/lenieemerick.com.br\/aulas\/trico-virtual-melhor.png\"><img loading=\"lazy\" decoding=\"async\" class=\"aligncenter wp-image-4358\" src=\"https:\/\/lenieemerick.com.br\/site\/wp-content\/uploads\/2019\/07\/trico-virtual-melhor.png\" alt=\"\" width=\"470\" height=\"335\" srcset=\"https:\/\/lenieemerick.com.br\/wp-content\/uploads\/2019\/07\/trico-virtual-melhor.png 940w, https:\/\/lenieemerick.com.br\/wp-content\/uploads\/2019\/07\/trico-virtual-melhor-300x214.png 300w, https:\/\/lenieemerick.com.br\/wp-content\/uploads\/2019\/07\/trico-virtual-melhor-768x547.png 768w, https:\/\/lenieemerick.com.br\/wp-content\/uploads\/2019\/07\/trico-virtual-melhor-323x230.png 323w\" sizes=\"auto, (max-width: 470px) 100vw, 470px\" \/><\/a><\/p>\n<p style=\"text-align: center;\"><strong>&#8220;O Tric\u00f4 Virtual&#8221;<\/strong><\/p>\n<p style=\"text-align: justify;\">A ideia de criar esse blog nasceu de rompante, como quase todas as ideias malucas que surgem na minha mente brilhante\u2026 \u00a0Tenho p\u00e9ssimos h\u00e1bitos de organiza\u00e7\u00e3o, me perco geograficamente e espacialmente em tudo, lateralidade \u00e9 outro quesito no qual reprovo facilmente, direita e esquerda, se tenho q explicar algo a algu\u00e9m, preciso me recordar da frase feita no tempo do prezinho, quando fui oradora da turma, e tinha estender a m\u00e3o direita, eu ficava repedindo mentalmente: <em><strong>\u201cm\u00e3o direita \u00e9 a que escreve, m\u00e3o direita \u00e9 a que escreve\u201d<\/strong><\/em>, fa\u00e7o isso ate hj, apenas disfar\u00e7o melhor .. deve ser um sintoma de quem literalmente <em><strong>\u201cvive nas nuvens\u201d<\/strong><\/em>, ou apenas <em><strong>\u201conline\u201d.<\/strong><\/em><\/p>\n<p style=\"text-align: justify;\">N\u00e3o consigo ter um pensamento muito linear, n\u00e3o consigo fazer apenas uma coisa de cada vez, portanto isso vai ser um desafio, \u201camarrar\u201d as ideias para que algo fa\u00e7a sentido. Voltando a dizer o porque criei esse espa\u00e7o, em resumo \u00e9 para tentar reunir em s\u00f3 espa\u00e7o todas as \u00f3timas ideias que <em><strong>\u201croubartilho\u201d<\/strong><\/em> dos blogs e sites de pessoas que assim como eu, trabalham de forma pedag\u00f3gica com o mundo tecnol\u00f3gico, que \u00e9 visto de forma tao simples, tao m\u00e1gica pelos alunos e crian\u00e7as e visto de forma tao sombria e aterrorizante pelos professores, que ainda esto muito atr\u00e1s do ritmo e da forma com o que as crian\u00e7as apropriam-se do conhecimento.<\/p>\n<p style=\"text-align: justify;\">Vou deixar aqui o relato de algumas experiencias, algumas sequencias did\u00e1ticas, muita coisa inspirada na minha observa\u00e7\u00e3o e contato com os processos educativos e que podem ser aprimorados de forma virtualizada.<\/p>\n<p style=\"text-align: justify;\">Duas coisas n\u00e3o podem deixar de serem ditas, para que n\u00e3o causem conflitos futuros.<\/p>\n<p style=\"text-align: justify;\"><em><strong>\u00a0 \u00a0 \u00a0 \u00a0 \u00a0 \u00a0 \u00a0 \u00a01\u00ba \u2013<\/strong><\/em> eu com certeza n\u00e3o leria um texto tao grande assim, a menos que ele contivesse uma linguagem que eu compreendesse facilmente, sem ter q prestar muita aten\u00e7\u00e3o;<\/p>\n<p style=\"text-align: justify;\"><em><strong>\u00a0 \u00a0 \u00a0 \u00a0 \u00a0 \u00a0 \u00a0 \u00a02\u00ba \u2013<\/strong> <\/em>assassinatos na L\u00edngua Portuguesa, infelizmente eu cometo a todo o tempo,\u00a0o que passar despercebido pelo corretor ortogr\u00e1fico, \u201cj\u00e1 era\u201d, ate mesmo porque, quando se utiliza apenas de meio computacionais para laser, estudo, pesquisa e trabalho; \u00e9 imposs\u00edvel n\u00e3o se tornar um ser \u201cinformal\u201d, quase sempre. A forma como nos comunicamos sempre sofreu altera\u00e7\u00f5es do meio, a cada tempo, a cada \u00e9poca, palavras que j\u00e1 ca\u00edram em desuso por ser \u201ccafona\u201d, e outras palavras e express\u00f5es surgem a galope em uma sociedade que vive em constante muta\u00e7\u00e3o em raz\u00e3o de suas rela\u00e7\u00f5es virtuais; mas, a quest\u00e3o da metalinguagem \u00e9 para outro post.<\/p>\n<blockquote>\n<p style=\"text-align: center;\">1000 perdoes pela extens\u00e3o das palavras, pensamentos n\u00e3o lineares da nisso.<\/p>\n<\/blockquote>\n","protected":false},"excerpt":{"rendered":"<p>&#8220;O Tric\u00f4 Virtual&#8221; A ideia de criar esse blog nasceu de rompante, como quase todas as ideias malucas que surgem na minha mente brilhante\u2026 \u00a0Tenho p\u00e9ssimos h\u00e1bitos de organiza\u00e7\u00e3o, me perco geograficamente e espacialmente em tudo, lateralidade \u00e9 outro quesito no qual reprovo facilmente, direita e esquerda, se tenho q explicar algo a algu\u00e9m, preciso [&hellip;]<\/p>\n","protected":false},"author":1,"featured_media":0,"parent":0,"menu_order":0,"comment_status":"closed","ping_status":"closed","template":"","meta":{"footnotes":""},"class_list":["post-2","page","type-page","status-publish","hentry"],"_links":{"self":[{"href":"https:\/\/lenieemerick.com.br\/index.php?rest_route=\/wp\/v2\/pages\/2","targetHints":{"allow":["GET"]}}],"collection":[{"href":"https:\/\/lenieemerick.com.br\/index.php?rest_route=\/wp\/v2\/pages"}],"about":[{"href":"https:\/\/lenieemerick.com.br\/index.php?rest_route=\/wp\/v2\/types\/page"}],"author":[{"embeddable":true,"href":"https:\/\/lenieemerick.com.br\/index.php?rest_route=\/wp\/v2\/users\/1"}],"replies":[{"embeddable":true,"href":"https:\/\/lenieemerick.com.br\/index.php?rest_route=%2Fwp%2Fv2%2Fcomments&post=2"}],"version-history":[{"count":9,"href":"https:\/\/lenieemerick.com.br\/index.php?rest_route=\/wp\/v2\/pages\/2\/revisions"}],"predecessor-version":[{"id":4360,"href":"https:\/\/lenieemerick.com.br\/index.php?rest_route=\/wp\/v2\/pages\/2\/revisions\/4360"}],"wp:attachment":[{"href":"https:\/\/lenieemerick.com.br\/index.php?rest_route=%2Fwp%2Fv2%2Fmedia&parent=2"}],"curies":[{"name":"wp","href":"https:\/\/api.w.org\/{rel}","templated":true}]}}